{"id":3,"date":"2025-07-11T16:02:17","date_gmt":"2025-07-11T16:02:17","guid":{"rendered":"https:\/\/elegantebadkamers.nl\/?page_id=3"},"modified":"2025-07-29T18:20:50","modified_gmt":"2025-07-29T18:20:50","slug":"privacybeleid","status":"publish","type":"page","link":"https:\/\/elegantebadkamers.nl\/pl\/privacybeleid\/","title":{"rendered":"Polityka Prywatno\u015bci"},"content":{"rendered":"<div data-elementor-type=\"wp-page\" data-elementor-id=\"3\" class=\"elementor elementor-3\" data-elementor-post-type=\"page\">\n\t\t\t\t<div data-particle_enable=\"false\" data-particle-mobile-disabled=\"false\" class=\"elementor-element elementor-element-7a52f3df e-flex e-con-boxed e-con e-parent\" data-id=\"7a52f3df\" data-element_type=\"container\" data-e-type=\"container\">\n\t\t\t\t\t<div class=\"e-con-inner\">\n\t\t\t\t<div class=\"elementor-element elementor-element-5e01d477 elementor-widget elementor-widget-text-editor\" data-id=\"5e01d477\" data-element_type=\"widget\" data-e-type=\"widget\" data-widget_type=\"text-editor.default\">\n\t\t\t\t\t\t\t\t\t<h1 class=\"privacy-policy-h1\">Polityka Prywatno\u015bci<\/h1>\nOstatnia aktualizacja 21 lipca 2025 r.\n\nData wej\u015bcia w \u017cycie 21 lipca 2025 r.\n<p class=\"privacy-policy-p\">Niniejsza Polityka prywatno\u015bci opisuje zasady<\/p>\nKlusbedrijf Marcin Gniewek,\nLandweerstraat-Noord 92,\nNoord-Brabant\n5348 ED,\nHolandia,\ne-mail: admin@elegantebadkamers.nl,\ntelefon: 0684230415\n\nprzetwarza Twoje dane osobowe w zwi\u0105zku z ich zbieraniem,\nwykorzystywaniem i ujawnianiem, gdy korzystasz z naszej strony internetowej https:\/\/elegantebadkamers.nl\n(\u201eUs\u0142uga\u201d). Korzystaj\u0105c z Us\u0142ugi lub uzyskuj\u0105c do niej dost\u0119p,\nwyra\u017casz zgod\u0119 na zbieranie, wykorzystywanie i ujawnianie Twoich danych\nzgodnie z niniejsz\u0105 Polityk\u0105 Prywatno\u015bci.\nJe\u015bli nie wyra\u017casz na to zgody, prosimy o niekorzystanie z Us\u0142ugi.  \n<p class=\"privacy-policy-p\">Mo\u017cemy zmieni\u0107 niniejsz\u0105 Polityk\u0119 prywatno\u015bci w dowolnym czasie bez uprzedniego powiadomienia. \nOferujemy pa\u0144stwu poprawion\u0105 wersj\u0119. \nOpublikuj polityki prywatno\u015bci w serwisie. Zmieniona polityka jest \n180 dni po wej\u015bciu w \u017cycie w dniu publikacji na serwisie i p\u00f3\u017aniejszego pa\u0144stwa \nkontynuacja korzystania z serwisu \noznacza to, \u017ce zgadzasz si\u0119 z warunkami \u043f\u0435\u0440\u0435\u0441\u043c\u043e\u0442\u0440\u0435\u043d\u043d\u044b\u043c\u0438 \nprywatno\u015bci. Dlatego zalecamy, aby regularnie sprawdza\u0107 t\u0119 stron\u0119 \nzobaczy\u0107.<\/p>\n\n<ol class=\"privacy-policy-ol\">\n \t<li>\n<h2 class=\"privacy-policy-h2\">Jak wykorzystujemy twoje dane:<\/h2>\n<p class=\"privacy-policy-p\">Wykorzystujemy zebrane przez siebie informacje \ndla nast\u0119puj\u0105cych cel\u00f3w:<\/p>\n\n<ol class=\"privacy-policy-ol\">\n \t<li>Tworzenie konta u\u017cytkownika<\/li>\n \t<li>Opinie<\/li>\n \t<li>Zbieranie opinii klient\u00f3w<\/li>\n \t<li>Informacje administracyjne<\/li>\n \t<li>Reklama ukierunkowana (targetowana).<\/li>\n<\/ol>\n<p class=\"privacy-policy-p\">Je\u015bli przeka\u017cemy informacje innej osobie \ndo tego celu b\u0119dziemy potrzebowa\u0107 twojej zgody i \nb\u0119dziemy korzysta\u0107 z informacji wy\u0142\u0105cznie po uzyskaniu zgody u\u017cytkownika \ni to tylko dla cel\u00f3w lub zlece\u0144 \nna co wyrazili zgod\u0119, chyba \u017ce zgodnie z prawem nie musz\u0105 dzia\u0142a\u0107 inaczej.<\/p>\n<\/li>\n \t<li>\n<h2 class=\"privacy-policy-h2\">Jak udost\u0119pniamy informacje:<\/h2>\n<p class=\"privacy-policy-p\">Nie b\u0119dziemy przekazywa\u0107 pa\u0144stwa danych osobowych \nprzekazywanie osobom trzecim bez twojej zgody, \nz wyj\u0105tkiem ograniczonych okoliczno\u015bciach, opisanych poni\u017cej:<\/p>\n\n<ol class=\"privacy-policy-ol\">\n \t<li>Analiza<\/li>\n<\/ol>\n<p class=\"privacy-policy-p\">Wymagamy od takich os\u00f3b trzecich, aby \ndane osobowe, kt\u00f3re im przekazujemy, u\u017cywane tylko \ndla cel\u00f3w, dla kt\u00f3rych zosta\u0142y one przekazane; i \nnie trzymaj ich d\u0142u\u017cej, ni\u017c jest to konieczne dla \ndo osi\u0105gni\u0119cia tego celu.<\/p>\n<p class=\"privacy-policy-p\">Mo\u017cemy r\u00f3wnie\u017c ujawni\u0107 dane osobowe \nz nast\u0119puj\u0105cych powod\u00f3w: (1) zgodnie z obowi\u0105zuj\u0105cymi \nprzepis\u00f3w prawa, regulacji, nakazu s\u0105dowego lub innego prawnego \nproces; (2) w celu zapewnienia zgodno\u015bci swoich um\u00f3w si\u0119 z nami, \n\u0142\u0105cznie z niniejsz\u0105 polityk\u0119 prywatno\u015bci; lub (3) w celu odpowiedzi na \nroszczenia o tym, \u017ce korzystanie przez u\u017cytkownika z serwisu \nnarusza praw os\u00f3b trzecich. Je\u015bli dostawca lub MAMY \nfirma \u0142\u0105czy si\u0119 z inn\u0105 firm\u0105 lub nabyte przez ni\u0105 \ntwoje dane zostan\u0105 przekazane jak \ncz\u0119\u015b\u0107 przekazywanych aktyw\u00f3w.<\/p>\n<\/li>\n \t<li>\n<h2 class=\"privacy-policy-h2\">Twoje prawa:<\/h2>\n<p class=\"privacy-policy-p\">W zale\u017cno\u015bci od obowi\u0105zuj\u0105cego prawa mo\u017ce by\u0107 \nprawo do dost\u0119pu, sprostowania lub usuni\u0119cia swoich \ndanych osobowych lub na otrzymywanie kopii twoich danych \nograniczenie aktywnego dost\u0119pu lub sprzeciw wobec niego. \nobr\u00f3bka swoich danych, \u017c\u0105dania na przekazanie twoich danych osobowych \ninnemu podmiotowi, recenzj\u0119 wcze\u015bniej udzielonej zgody \nna przetwarzanie danych osobowych, z\u0142o\u017cenie skargi \nw organ nadzoru i inne prawa \nzgodnie z obowi\u0105zuj\u0105cym prawem. \nAby skorzysta\u0107 z tych praw, mo\u017cesz skontaktowa\u0107 si\u0119 z nami pod adresem \nadmin@elegantebadkamers.nl. \nZrealizujemy twoje zam\u00f3wienie zgodnie z obowi\u0105zuj\u0105cymi przepisami prawa.<\/p>\n<p class=\"privacy-policy-p\">Uwaga: je\u015bli u\u017cytkownik nie wyrazi zgody na \nzbieranie lub przetwarzanie niezb\u0119dnych danych osobowych lub \nodwo\u0142a\u0142a zgod\u0119 na przetwarzanie, \nby\u0107 mo\u017ce, nie b\u0119dzie m\u00f3g\u0142 skorzysta\u0107 z us\u0142ug, \ndla kt\u00f3rych wymagane informacje.<\/p>\n<\/li>\n \t<li>\n<h2 class=\"privacy-policy-h2\">Pliki cookie itp.<\/h2>\nAby uzyska\u0107 wi\u0119cej informacji o tym, jak wykorzystujemy pliki cookie \ni o swoim wyborze w odniesieniu do tych technologii \u015bledzenia, prosz\u0119, skontaktuj si\u0119 z nami  \n<a href=\"https:\/\/elegantebadkamers.nl\/pl\/\">Polityka dotycz\u0105ca plik\u00f3w cookie.<\/a><\/li>\n \t<li>\n<h2 class=\"privacy-policy-h2\">Bezpiecze\u0144stwo:<\/h2>\n<p class=\"privacy-policy-p\">Bezpiecze\u0144stwo twoich danych jest wa\u017cna dla \nnas, i podejmujemy uzasadnione \u015brodki bezpiecze\u0144stwa \nutrata, niew\u0142a\u015bciwe lub nieuprawnione wykorzystanie \nmodyfikacja danych pod nasz\u0105 kontrol\u0105 \npoza kontrol\u0105. Jednak, bior\u0105c pod uwag\u0119 nieod\u0142\u0105czne ryzyko temu \nnie mo\u017cemy zagwarantowa\u0107 absolutnego bezpiecze\u0144stwa \ni mo\u017cemy zagwarantowa\u0107 bezpiecze\u0144stwa informacji, kt\u00f3re mo\u017cesz wys\u0142a\u0107 do nas \nnie dajcie mu lin\u0119 i nie gwarantuje - robisz to na w\u0142asne ryzyko.<\/p>\n<\/li>\n \t<li>\n<h2 class=\"privacy-policy-h2\">Skargi \/ Specjalista Ds. ochrony danych:<\/h2>\n<p class=\"privacy-policy-p\">Je\u015bli masz jakie\u015b pytania lub w\u0105tpliwo\u015bci co do \nprzetwarzania swoich danych, mo\u017cesz skontaktowa\u0107 si\u0119 z naszym specjalist\u0105 ds. rozpatrzenia reklamacji na adres \nKlusbedrijf Marcin Gniewek, \nUlica Landwehr-North, 92, \ne-mail: admin@elegantebadkamers.nl. \nRozwi\u0105\u017cemy twoje problemy zgodnie z obowi\u0105zuj\u0105cymi przepisami prawa.<\/p>\n<\/li>\n<\/ol>\n<p class=\"privacy-policy-p\">Polityka prywatno\u015bci, stworzona <a href=\"https:\/\/www.cookieyes.com\/?utm_source=PP&amp;utm_medium=footer&amp;utm_campaign=UW\" target=\"_blank\" rel=\"noopener\">Ciasteczka tak<\/a>.<\/p>\n\t\t\t\t\t\t\t\t<\/div>\n\t\t\t\t\t<\/div>\n\t\t\t\t<\/div>\n\t\t\t\t<\/div>","protected":false},"excerpt":{"rendered":"<p>Privacybeleid Laatst bijgewerkt op 21-jul-2025 Ingangsdatum 21-jul-2025 Dit privacybeleid beschrijft het beleid van Klusbedrijf Marcin Gniewek, Landweerstraat-Noord 92, Noord-Brabant 5348 ED, Nederland, e-mail: admin@elegantebadkamers.nl, telefoon: 0684230415 over het verzamelen, gebruik en openbaarmaking van uw gegevens die wij verzamelen wanneer u onze website gebruikt ( https:\/\/elegantebadkamers.nl ). (de \u201cDienst\u201d). Door toegang te krijgen tot of gebruik [&hellip;]<\/p>\n","protected":false},"author":1,"featured_media":0,"parent":0,"menu_order":0,"comment_status":"closed","ping_status":"closed","template":"","meta":{"_joinchat":[],"footnotes":""},"class_list":["post-3","page","type-page","status-publish","hentry"],"yoast_head":"<!-- This site is optimized with the Yoast SEO plugin v27.3 - https:\/\/yoast.com\/product\/yoast-seo-wordpress\/ -->\n<title>Privacybeleid - Elegante Badkamers<\/title>\n<meta name=\"robots\" content=\"index, follow, max-snippet:-1, max-image-preview:large, max-video-preview:-1\" \/>\n<link rel=\"canonical\" href=\"https:\/\/elegantebadkamers.nl\/pl\/privacybeleid\/\" \/>\n<meta property=\"og:locale\" content=\"pl_PL\" \/>\n<meta property=\"og:type\" content=\"article\" \/>\n<meta property=\"og:title\" content=\"Privacybeleid - Elegante Badkamers\" \/>\n<meta property=\"og:description\" content=\"Privacybeleid Laatst bijgewerkt op 21-jul-2025 Ingangsdatum 21-jul-2025 Dit privacybeleid beschrijft het beleid van Klusbedrijf Marcin Gniewek, Landweerstraat-Noord 92, Noord-Brabant 5348 ED, Nederland, e-mail: admin@elegantebadkamers.nl, telefoon: 0684230415 over het verzamelen, gebruik en openbaarmaking van uw gegevens die wij verzamelen wanneer u onze website gebruikt ( https:\/\/elegantebadkamers.nl ). (de \u201cDienst\u201d). Door toegang te krijgen tot of gebruik [&hellip;]\" \/>\n<meta property=\"og:url\" content=\"https:\/\/elegantebadkamers.nl\/pl\/privacybeleid\/\" \/>\n<meta property=\"og:site_name\" content=\"Elegante Badkamers\" \/>\n<meta property=\"article:modified_time\" content=\"2025-07-29T18:20:50+00:00\" \/>\n<meta name=\"twitter:card\" content=\"summary_large_image\" \/>\n<meta name=\"twitter:label1\" content=\"Szacowany czas czytania\" \/>\n\t<meta name=\"twitter:data1\" content=\"4 minuty\" \/>\n<script type=\"application\/ld+json\" class=\"yoast-schema-graph\">{\"@context\":\"https:\\\/\\\/schema.org\",\"@graph\":[{\"@type\":\"WebPage\",\"@id\":\"https:\\\/\\\/elegantebadkamers.nl\\\/privacybeleid\\\/\",\"url\":\"https:\\\/\\\/elegantebadkamers.nl\\\/privacybeleid\\\/\",\"name\":\"Privacybeleid - Elegante Badkamers\",\"isPartOf\":{\"@id\":\"https:\\\/\\\/elegantebadkamers.nl\\\/#website\"},\"datePublished\":\"2025-07-11T16:02:17+00:00\",\"dateModified\":\"2025-07-29T18:20:50+00:00\",\"breadcrumb\":{\"@id\":\"https:\\\/\\\/elegantebadkamers.nl\\\/privacybeleid\\\/#breadcrumb\"},\"inLanguage\":\"pl-PL\",\"potentialAction\":[{\"@type\":\"ReadAction\",\"target\":[\"https:\\\/\\\/elegantebadkamers.nl\\\/privacybeleid\\\/\"]}]},{\"@type\":\"BreadcrumbList\",\"@id\":\"https:\\\/\\\/elegantebadkamers.nl\\\/privacybeleid\\\/#breadcrumb\",\"itemListElement\":[{\"@type\":\"ListItem\",\"position\":1,\"name\":\"Home\",\"item\":\"https:\\\/\\\/elegantebadkamers.nl\\\/\"},{\"@type\":\"ListItem\",\"position\":2,\"name\":\"Privacybeleid\"}]},{\"@type\":\"WebSite\",\"@id\":\"https:\\\/\\\/elegantebadkamers.nl\\\/#website\",\"url\":\"https:\\\/\\\/elegantebadkamers.nl\\\/\",\"name\":\"Elegante Badkamers\",\"description\":\"Elegante Badkamers \u2013 Jouw Badkamer &amp; Meer, Perfect Geregeld\",\"publisher\":{\"@id\":\"https:\\\/\\\/elegantebadkamers.nl\\\/#organization\"},\"potentialAction\":[{\"@type\":\"SearchAction\",\"target\":{\"@type\":\"EntryPoint\",\"urlTemplate\":\"https:\\\/\\\/elegantebadkamers.nl\\\/?s={search_term_string}\"},\"query-input\":{\"@type\":\"PropertyValueSpecification\",\"valueRequired\":true,\"valueName\":\"search_term_string\"}}],\"inLanguage\":\"pl-PL\"},{\"@type\":\"Organization\",\"@id\":\"https:\\\/\\\/elegantebadkamers.nl\\\/#organization\",\"name\":\"Elegante Badkamers\",\"url\":\"https:\\\/\\\/elegantebadkamers.nl\\\/\",\"logo\":{\"@type\":\"ImageObject\",\"inLanguage\":\"pl-PL\",\"@id\":\"https:\\\/\\\/elegantebadkamers.nl\\\/#\\\/schema\\\/logo\\\/image\\\/\",\"url\":\"https:\\\/\\\/elegantebadkamers.nl\\\/wp-content\\\/uploads\\\/2025\\\/07\\\/logo_new.webp\",\"contentUrl\":\"https:\\\/\\\/elegantebadkamers.nl\\\/wp-content\\\/uploads\\\/2025\\\/07\\\/logo_new.webp\",\"width\":219,\"height\":122,\"caption\":\"Elegante Badkamers\"},\"image\":{\"@id\":\"https:\\\/\\\/elegantebadkamers.nl\\\/#\\\/schema\\\/logo\\\/image\\\/\"}}]}<\/script>\n<!-- \/ Yoast SEO plugin. -->","yoast_head_json":{"title":"Privacybeleid - Elegante Badkamers","robots":{"index":"index","follow":"follow","max-snippet":"max-snippet:-1","max-image-preview":"max-image-preview:large","max-video-preview":"max-video-preview:-1"},"canonical":"https:\/\/elegantebadkamers.nl\/pl\/privacybeleid\/","og_locale":"pl_PL","og_type":"article","og_title":"Privacybeleid - Elegante Badkamers","og_description":"Privacybeleid Laatst bijgewerkt op 21-jul-2025 Ingangsdatum 21-jul-2025 Dit privacybeleid beschrijft het beleid van Klusbedrijf Marcin Gniewek, Landweerstraat-Noord 92, Noord-Brabant 5348 ED, Nederland, e-mail: admin@elegantebadkamers.nl, telefoon: 0684230415 over het verzamelen, gebruik en openbaarmaking van uw gegevens die wij verzamelen wanneer u onze website gebruikt ( https:\/\/elegantebadkamers.nl ). (de \u201cDienst\u201d). Door toegang te krijgen tot of gebruik [&hellip;]","og_url":"https:\/\/elegantebadkamers.nl\/pl\/privacybeleid\/","og_site_name":"Elegante Badkamers","article_modified_time":"2025-07-29T18:20:50+00:00","twitter_card":"summary_large_image","twitter_misc":{"Szacowany czas czytania":"4 minuty"},"schema":{"@context":"https:\/\/schema.org","@graph":[{"@type":"WebPage","@id":"https:\/\/elegantebadkamers.nl\/privacybeleid\/","url":"https:\/\/elegantebadkamers.nl\/privacybeleid\/","name":"Privacybeleid - Elegante Badkamers","isPartOf":{"@id":"https:\/\/elegantebadkamers.nl\/#website"},"datePublished":"2025-07-11T16:02:17+00:00","dateModified":"2025-07-29T18:20:50+00:00","breadcrumb":{"@id":"https:\/\/elegantebadkamers.nl\/privacybeleid\/#breadcrumb"},"inLanguage":"pl-PL","potentialAction":[{"@type":"ReadAction","target":["https:\/\/elegantebadkamers.nl\/privacybeleid\/"]}]},{"@type":"BreadcrumbList","@id":"https:\/\/elegantebadkamers.nl\/privacybeleid\/#breadcrumb","itemListElement":[{"@type":"ListItem","position":1,"name":"Home","item":"https:\/\/elegantebadkamers.nl\/"},{"@type":"ListItem","position":2,"name":"Privacybeleid"}]},{"@type":"WebSite","@id":"https:\/\/elegantebadkamers.nl\/#website","url":"https:\/\/elegantebadkamers.nl\/","name":"Elegante Badkamers","description":"Elegante Badkamers \u2013 Jouw Badkamer &amp; Meer, Perfect Geregeld","publisher":{"@id":"https:\/\/elegantebadkamers.nl\/#organization"},"potentialAction":[{"@type":"SearchAction","target":{"@type":"EntryPoint","urlTemplate":"https:\/\/elegantebadkamers.nl\/?s={search_term_string}"},"query-input":{"@type":"PropertyValueSpecification","valueRequired":true,"valueName":"search_term_string"}}],"inLanguage":"pl-PL"},{"@type":"Organization","@id":"https:\/\/elegantebadkamers.nl\/#organization","name":"Elegante Badkamers","url":"https:\/\/elegantebadkamers.nl\/","logo":{"@type":"ImageObject","inLanguage":"pl-PL","@id":"https:\/\/elegantebadkamers.nl\/#\/schema\/logo\/image\/","url":"https:\/\/elegantebadkamers.nl\/wp-content\/uploads\/2025\/07\/logo_new.webp","contentUrl":"https:\/\/elegantebadkamers.nl\/wp-content\/uploads\/2025\/07\/logo_new.webp","width":219,"height":122,"caption":"Elegante Badkamers"},"image":{"@id":"https:\/\/elegantebadkamers.nl\/#\/schema\/logo\/image\/"}}]}},"_links":{"self":[{"href":"https:\/\/elegantebadkamers.nl\/pl\/wp-json\/wp\/v2\/pages\/3","targetHints":{"allow":["GET"]}}],"collection":[{"href":"https:\/\/elegantebadkamers.nl\/pl\/wp-json\/wp\/v2\/pages"}],"about":[{"href":"https:\/\/elegantebadkamers.nl\/pl\/wp-json\/wp\/v2\/types\/page"}],"author":[{"embeddable":true,"href":"https:\/\/elegantebadkamers.nl\/pl\/wp-json\/wp\/v2\/users\/1"}],"replies":[{"embeddable":true,"href":"https:\/\/elegantebadkamers.nl\/pl\/wp-json\/wp\/v2\/comments?post=3"}],"version-history":[{"count":7,"href":"https:\/\/elegantebadkamers.nl\/pl\/wp-json\/wp\/v2\/pages\/3\/revisions"}],"predecessor-version":[{"id":676,"href":"https:\/\/elegantebadkamers.nl\/pl\/wp-json\/wp\/v2\/pages\/3\/revisions\/676"}],"wp:attachment":[{"href":"https:\/\/elegantebadkamers.nl\/pl\/wp-json\/wp\/v2\/media?parent=3"}],"curies":[{"name":"wp","href":"https:\/\/api.w.org\/{rel}","templated":true}]}}